{"id":431,"date":"2015-08-24T07:59:42","date_gmt":"2015-08-24T05:59:42","guid":{"rendered":"http:\/\/svjf.dk\/?page_id=431"},"modified":"2017-03-21T13:30:30","modified_gmt":"2017-03-21T12:30:30","slug":"video","status":"publish","type":"page","link":"https:\/\/svjf.dk\/?page_id=431","title":{"rendered":"Video"},"content":{"rendered":"<p><a href=\"https:\/\/youtu.be\/IYev2MQ-NDg\">H\u00e5ndtering af f\u00e5r<\/a><\/p>\n<p><a href=\"https:\/\/youtu.be\/G0s3abTPeTU\">Klipning af f\u00e5r<\/a><\/p>\n<p><a href=\"https:\/\/youtu.be\/smCIs5u3kko\">Klipning af klove<\/a><\/p>\n<p><a href=\"https:\/\/youtu.be\/PYDozIJDCNc\">Tilf\u00f8rsel af ormekur til lam<\/a><\/p>\n<p><a href=\"https:\/\/www.youtube.com\/watch?v=wEBZQbHPBsg\">F\u00e5r og lam p\u00e5 100 pct grovfoder<\/a><\/p>\n<p>&nbsp;<\/p>\n","protected":false},"excerpt":{"rendered":"<p>H\u00e5ndtering af f\u00e5r Klipning af f\u00e5r Klipning af klove Tilf\u00f8rsel af ormekur til lam F\u00e5r og lam p\u00e5 100 pct grovfoder &nbsp;<\/p>\n","protected":false},"author":1,"featured_media":0,"parent":0,"menu_order":55,"comment_status":"closed","ping_status":"closed","template":"","meta":{"ngg_post_thumbnail":0,"_mc_calendar":[],"footnotes":""},"class_list":["post-431","page","type-page","status-publish","hentry"],"_links":{"self":[{"href":"https:\/\/svjf.dk\/index.php?rest_route=\/wp\/v2\/pages\/431","targetHints":{"allow":["GET"]}}],"collection":[{"href":"https:\/\/svjf.dk\/index.php?rest_route=\/wp\/v2\/pages"}],"about":[{"href":"https:\/\/svjf.dk\/index.php?rest_route=\/wp\/v2\/types\/page"}],"author":[{"embeddable":true,"href":"https:\/\/svjf.dk\/index.php?rest_route=\/wp\/v2\/users\/1"}],"replies":[{"embeddable":true,"href":"https:\/\/svjf.dk\/index.php?rest_route=%2Fwp%2Fv2%2Fcomments&post=431"}],"version-history":[{"count":4,"href":"https:\/\/svjf.dk\/index.php?rest_route=\/wp\/v2\/pages\/431\/revisions"}],"predecessor-version":[{"id":572,"href":"https:\/\/svjf.dk\/index.php?rest_route=\/wp\/v2\/pages\/431\/revisions\/572"}],"wp:attachment":[{"href":"https:\/\/svjf.dk\/index.php?rest_route=%2Fwp%2Fv2%2Fmedia&parent=431"}],"curies":[{"name":"wp","href":"https:\/\/api.w.org\/{rel}","templated":true}]}}