{"id":12,"date":"2013-01-04T14:54:00","date_gmt":"2013-01-04T14:54:00","guid":{"rendered":"http:\/\/svjf.dk\/?page_id=12"},"modified":"2026-02-22T07:24:49","modified_gmt":"2026-02-22T06:24:49","slug":"bestyrelse","status":"publish","type":"page","link":"https:\/\/svjf.dk\/?page_id=12","title":{"rendered":"Bestyrelse"},"content":{"rendered":"<p><strong>Formand:<br><\/strong>Ron Bon<br>Nybrovej 81<br>6851 Janderup<br>27629822<br><a href=\"mailto:mail@rb-farmsupply.dk\">mail@rb-farmsupply.dk<\/a><\/p>\n<p><strong>N\u00e6stformand:<br><\/strong>Emil Kousgaard<br>Toftn\u00e6svej 30<br>6800 Varde<br>30514140<br><a href=\"mailto:emil30514140@gmail.com\">emil30514140@gmail.com<\/a><\/p>\n<p><strong>Kasserer:<\/strong><br>Steen Ove S\u00f8rensen<br>Fr\u00f8strupvej 101<br>6830 Nr. Nebel<br>40784424<br><a href=\"mailto:soslunde@post9.tele.dk\">soslunde@post9.tele.dk<\/a><\/p>\n<p><strong>Sekret\u00e6r:<\/strong><br>Pia Jessen <br>Vesterhavsvej 126,<br>6830 Nr. Nebel<br><a href=\"mailto:piajessens@icloud.com\">piajessens@icloud.com<\/a><\/p>\n<p><strong>Bestyrelsesmedlem:<br><\/strong>Jan Haarsma<br>Lundagervej 30<br>6830 Nr. Nebel<br>23348187<br><a href=\"mailto:&lt;a href=\">haarsma@bbsyd.dk<\/a><\/p>\n<p><strong>Suppleant:<br><\/strong>Ditte Kj\u00e6rgaard Pedersen<br>Kollevej 25<br>6830 Nr. Nebel<br><a href=\"mailto:kpditte@gmail.com\">kpditte@gmail.com<\/a><\/p>\n<p><strong>Suppleant:<br><\/strong>Geert W. Lauridsen<br>Skjedsb\u00f8lvej 11<br>6830 Nr. Nebel<br>geert.w.lauridsen@hotmail.dk<\/p>\n<p><strong>Redakt\u00f8r:<br><\/strong>Mona Lund<br>Grimstrup Hovedvej 38<br>6818 \u00c5rre<br>20135850<br><a href=\"mailto:lundgaarden@bbsyd.dk\">lundgaarden@bbsyd.dk<\/a><\/p>\n<p><a href=\"https:\/\/svjf.dk\/wp-content\/uploads\/2026\/02\/Vedtaegter-for-Sydvestjyske-Faareavler1.pdf\">Se foreningens vedt\u00e6gter<\/a><\/p>\n\n\n<p><\/p>\n","protected":false},"excerpt":{"rendered":"<p>Formand:Ron BonNybrovej 816851 Janderup27629822mail@rb-farmsupply.dk N\u00e6stformand:Emil KousgaardToftn\u00e6svej 306800 Varde30514140emil30514140@gmail.com Kasserer:Steen Ove S\u00f8rensenFr\u00f8strupvej 1016830 Nr. Nebel40784424soslunde@post9.tele.dk Sekret\u00e6r:Pia Jessen Vesterhavsvej 126,6830 Nr. Nebelpiajessens@icloud.com Bestyrelsesmedlem:Jan HaarsmaLundagervej 306830 Nr. Nebel23348187haarsma@bbsyd.dk Suppleant:Ditte Kj\u00e6rgaard PedersenKollevej 256830 Nr. Nebelkpditte@gmail.com Suppleant:Geert W. LauridsenSkjedsb\u00f8lvej 116830 Nr. Nebelgeert.w.lauridsen@hotmail.dk Redakt\u00f8r:Mona LundGrimstrup Hovedvej &hellip; <a href=\"https:\/\/svjf.dk\/?page_id=12\">L\u00e6s resten <span class=\"meta-nav\">&rarr;<\/span><\/a><\/p>\n","protected":false},"author":1,"featured_media":0,"parent":0,"menu_order":10,"comment_status":"closed","ping_status":"closed","template":"","meta":{"ngg_post_thumbnail":0,"_mc_calendar":[],"footnotes":""},"class_list":["post-12","page","type-page","status-publish","hentry"],"_links":{"self":[{"href":"https:\/\/svjf.dk\/index.php?rest_route=\/wp\/v2\/pages\/12","targetHints":{"allow":["GET"]}}],"collection":[{"href":"https:\/\/svjf.dk\/index.php?rest_route=\/wp\/v2\/pages"}],"about":[{"href":"https:\/\/svjf.dk\/index.php?rest_route=\/wp\/v2\/types\/page"}],"author":[{"embeddable":true,"href":"https:\/\/svjf.dk\/index.php?rest_route=\/wp\/v2\/users\/1"}],"replies":[{"embeddable":true,"href":"https:\/\/svjf.dk\/index.php?rest_route=%2Fwp%2Fv2%2Fcomments&post=12"}],"version-history":[{"count":26,"href":"https:\/\/svjf.dk\/index.php?rest_route=\/wp\/v2\/pages\/12\/revisions"}],"predecessor-version":[{"id":959,"href":"https:\/\/svjf.dk\/index.php?rest_route=\/wp\/v2\/pages\/12\/revisions\/959"}],"wp:attachment":[{"href":"https:\/\/svjf.dk\/index.php?rest_route=%2Fwp%2Fv2%2Fmedia&parent=12"}],"curies":[{"name":"wp","href":"https:\/\/api.w.org\/{rel}","templated":true}]}}